{"id":813,"date":"2022-11-30T20:46:51","date_gmt":"2022-11-30T20:46:51","guid":{"rendered":"https:\/\/fimavperu.com\/?page_id=813"},"modified":"2022-11-30T20:46:51","modified_gmt":"2022-11-30T20:46:51","slug":"reembolso_devoluciones","status":"publish","type":"page","link":"https:\/\/fimavperu.com\/index.php\/reembolso_devoluciones\/","title":{"rendered":"Pol\u00edtica de devoluciones y reembolsos"},"content":{"rendered":"<div class=\"wpb-content-wrapper\"><p>[vc_row][vc_column][vc_column_text woodmart_inline=\u00bbno\u00bb text_larger=\u00bbno\u00bb]<\/p>\n<p>Para poder realizar el reembolso o cambio el producto debe:<\/p>\n<p>* Estar en las mismas condiciones en que se entreg\u00f3, deber\u00e1 conservar el embalaje original y estar acompa\u00f1ado de la factura de compra respectiva.<\/p>\n<p>* El env\u00edo estar\u00e1 a cargo del Usuario. Fimavperu.com realizar\u00e1 la devoluci\u00f3n del dinero, en caso que correspondiere mediante dep\u00f3sito del monto pagado por el producto en cuenta bancaria del Usuario o en efectivo en su Oficina Principal.<\/p>\n<p>* Asimismo Fimavperu.com no garantiza una cantidad espec\u00edfica del stock de los productos publicitados en su portal web; esto debido a que puede darse el caso de compras simult\u00e1neas que podr\u00edan acabar con el stock de los productos para su venta.<\/p>\n<p>* En tal sentido, dado el caso que no se cuente con el stock de alguno de los productos publicitados en el portal web y se haya realizado la compra del mismo se realizar\u00e1 el reintegro del monto pagado por el Usuario de la siguiente forma:<\/p>\n<p>* En caso el Usuario haya realizado una transferencia de dinero en la cuenta bancaria de FIMAV PERU desde una cuenta bancaria de su propiedad, \u00e9sta se obliga a realizar al reembolso del dinero pagado realizando un abono de dinero en la cuenta bancaria del Usuario en el lapso de 48 horas de haber realizado el pago del producto por el Usuario.<\/p>\n<p>* En caso el Usuario haya realizado un dep\u00f3sito de dinero en la cuenta bancaria de FIMAV PERU en efectivo, \u00e9sta se obliga a realizar al reembolso del dinero pagado en sus oficinas dentro del lapso de 48 horas de haber realizado el pago del producto por parte del Usuario.<\/p>\n<p>[\/vc_column_text][\/vc_column][\/vc_row]<\/p>\n<\/div>","protected":false},"excerpt":{"rendered":"<p>[vc_row][vc_column][vc_column_text woodmart_inline=\u00bbno\u00bb text_larger=\u00bbno\u00bb] Para poder realizar el reembolso o cambio el producto debe: * Estar en las mismas condiciones en<\/p>\n","protected":false},"author":1,"featured_media":0,"parent":0,"menu_order":0,"comment_status":"closed","ping_status":"closed","template":"","meta":{"footnotes":""},"class_list":["post-813","page","type-page","status-publish","hentry"],"_links":{"self":[{"href":"https:\/\/fimavperu.com\/index.php\/wp-json\/wp\/v2\/pages\/813","targetHints":{"allow":["GET"]}}],"collection":[{"href":"https:\/\/fimavperu.com\/index.php\/wp-json\/wp\/v2\/pages"}],"about":[{"href":"https:\/\/fimavperu.com\/index.php\/wp-json\/wp\/v2\/types\/page"}],"author":[{"embeddable":true,"href":"https:\/\/fimavperu.com\/index.php\/wp-json\/wp\/v2\/users\/1"}],"replies":[{"embeddable":true,"href":"https:\/\/fimavperu.com\/index.php\/wp-json\/wp\/v2\/comments?post=813"}],"version-history":[{"count":1,"href":"https:\/\/fimavperu.com\/index.php\/wp-json\/wp\/v2\/pages\/813\/revisions"}],"predecessor-version":[{"id":7145,"href":"https:\/\/fimavperu.com\/index.php\/wp-json\/wp\/v2\/pages\/813\/revisions\/7145"}],"wp:attachment":[{"href":"https:\/\/fimavperu.com\/index.php\/wp-json\/wp\/v2\/media?parent=813"}],"curies":[{"name":"wp","href":"https:\/\/api.w.org\/{rel}","templated":true}]}}