{"id":3,"date":"2022-05-03T19:40:30","date_gmt":"2022-05-03T19:40:30","guid":{"rendered":"https:\/\/fimavperu.com\/?page_id=3"},"modified":"2022-11-30T20:37:14","modified_gmt":"2022-11-30T20:37:14","slug":"privacy-policy-2","status":"publish","type":"page","link":"https:\/\/fimavperu.com\/index.php\/privacy-policy-2\/","title":{"rendered":"Pol\u00edtica de Privacidad"},"content":{"rendered":"<div class=\"wpb-content-wrapper\"><p>[vc_row][vc_column][vc_column_text woodmart_inline=\u00bbno\u00bb text_larger=\u00bbno\u00bb]<\/p>\n<p>La presente pol\u00edtica de privacidad (la \u201cPol\u00edtica\u201d) tiene por finalidad informar la manera en que FIMAV PERU S.A.C., con R.U.C. N\u00b020606256486 , con domicilio en Jr. Huaraz Nro. 1833, Bre\u00f1a, provincia y departamento de Lima, (en adelante, \u201cFIMAV\u201d).<\/p>\n<p>tratan la informaci\u00f3n y datos personales de sus usuarios que recopilan a trav\u00e9s de canales, plataformas, sitios web, aplicaciones m\u00f3viles, redes sociales, tel\u00e9fonos m\u00f3viles, formularios digitales, as\u00ed como cualquier medio electr\u00f3nico o digital online u offline equivalente (los \u201cSitios Web y las Aplicaciones\u201d).<\/p>\n<p>La Pol\u00edtica describe toda la tipolog\u00eda de informaci\u00f3n que se recaba de los Usuarios una vez que estos den su consentimiento en los distintos puntos de captaci\u00f3n anteriormente detallados, y todos los tratamientos que se realizan con dicha informaci\u00f3n.<\/p>\n<p>[\/vc_column_text]\n\t\t<div id=\"wd-6387bc5ca356f\" class=\"title-wrapper wd-wpb set-mb-s reset-last-child  wd-rs-6387bc5ca356f wd-title-color-default wd-title-style-default text-left  wd-underline-colored\">\n\t\t\t\n\t\t\t<div class=\"liner-continer\">\n\t\t\t\t<h4 class=\"woodmart-title-container title  wd-font-weight- wd-fontsize-l\" >\u00bfA QUI\u00c9NES VA DIRIGIDO LA POL\u00cdTICA?<\/h4>\n\t\t\t\t\t\t\t<\/div>\n\t\t\t\n\t\t\t\t\t\t\t<div class=\"title-after_title  set-cont-mb-s reset-last-child  wd-fontsize-xs\">Para efectos de esta Pol\u00edtica toda referencia a \u201cnos\u201d, \u201cnosotros\u201d o \u201cnuestra\u201d, se refiere a FIMAV PERU , y cuando se refiera a \u201cel Usuario\u201d o \u201clos Usuarios\u201d, se entender\u00e1 a todos aquellos distintos a FIMAV PERU que ingresen, revisen, realicen transacciones, interact\u00faen o generen contenido dentro de los Sitios Web y las Aplicaciones, as\u00ed como a los clientes que se suscriben, v\u00eda correo electr\u00f3nico o tel\u00e9fono, a cualquier bien o servicio ofrecido por FIMAV PERU.<br \/>\nEsta Pol\u00edtica no se aplica a sitios web, servicios, productos o aplicaciones de terceros, incluso si pueden ser accedidos a trav\u00e9s de nuestros servicios.<\/div>\n\t\t\t\n\t\t\t\n\t\t<\/div>\n\t\t\n\t\t\n\t\t<div id=\"wd-6387bcc71ef47\" class=\"title-wrapper wd-wpb set-mb-s reset-last-child  wd-rs-6387bcc71ef47 wd-title-color-default wd-title-style-default text-left  wd-underline-colored\">\n\t\t\t\n\t\t\t<div class=\"liner-continer\">\n\t\t\t\t<h4 class=\"woodmart-title-container title  wd-font-weight- wd-fontsize-l\" >\u00bfQU\u00c9 TIPO INFORMACI\u00d3N RECOLECTAMOS?<\/h4>\n\t\t\t\t\t\t\t<\/div>\n\t\t\t\n\t\t\t\t\t\t\t<div class=\"title-after_title  set-cont-mb-s reset-last-child  wd-fontsize-xs\">FIMAV PERU puede recolectar y tratar la siguiente informaci\u00f3n:<\/div>\n\t\t\t\n\t\t\t\n\t\t<\/div>\n\t\t\n\t\t\n\t\t<div id=\"wd-6387bcf011cc2\" class=\"title-wrapper wd-wpb set-mb-s reset-last-child  wd-rs-6387bcf011cc2 wd-title-color-default wd-title-style-default text-left  wd-underline-colored\">\n\t\t\t\n\t\t\t<div class=\"liner-continer\">\n\t\t\t\t<h4 class=\"woodmart-title-container title  wd-font-weight- wd-fontsize-l\" >a) Datos Personales<\/h4>\n\t\t\t\t\t\t\t<\/div>\n\t\t\t\n\t\t\t\t\t\t\t<div class=\"title-after_title  set-cont-mb-s reset-last-child  wd-fontsize-xs\">Nombre, apellido, direcci\u00f3n de correo electr\u00f3nico, n\u00famero de DNI, n\u00famero de tel\u00e9fono, sexo, domicilio, edad, direcci\u00f3n, estado civil, entre otros.<\/div>\n\t\t\t\n\t\t\t\n\t\t<\/div>\n\t\t\n\t\t\n\t\t<div id=\"wd-6387bd10db167\" class=\"title-wrapper wd-wpb set-mb-s reset-last-child  wd-rs-6387bd10db167 wd-title-color-default wd-title-style-default text-left  wd-underline-colored\">\n\t\t\t\n\t\t\t<div class=\"liner-continer\">\n\t\t\t\t<h4 class=\"woodmart-title-container title  wd-font-weight- wd-fontsize-l\" >b) Comportamiento en sitios Web y Aplicaciones<\/h4>\n\t\t\t\t\t\t\t<\/div>\n\t\t\t\n\t\t\t\t\t\t\t<div class=\"title-after_title  set-cont-mb-s reset-last-child  wd-fontsize-xs\">\u2022 Informaci\u00f3n sobre las actividades realizadas por el Usuario en los Sitios Web y las Aplicaciones, cuando accede, visualiza, crea, comenta y comparte contenido, entre otros.<br \/>\n\u2022 La URL de la que proviene el Usuario (incluyendo las externas a los Sitios Web y las Aplicaciones).<br \/>\n\u2022 URLs m\u00e1s visitadas por el Usuario (incluyendo las externas a los Sitios Web y las Aplicaciones).<br \/>\n\u2022 Direcciones IP.<br \/>\n\u2022 Informaci\u00f3n sobre la ubicaci\u00f3n del Usuario.<br \/>\n\u2022 Navegador que utiliza el Usuario.<br \/>\n\u2022 Informaci\u00f3n sobre aspectos operativos de los Sitios Web y las Aplicaciones, como estad\u00edsticas de navegaci\u00f3n, tr\u00e1fico, entre otros.<br \/>\nEl tratamiento de los Datos Personales y la Informaci\u00f3n de Uso (ambas \u201cInformaci\u00f3n del Usuario\u201d) se efectuar\u00e1 de acuerdo a las finalidades y los lineamientos establecidos en la presente Pol\u00edtica.<\/div>\n\t\t\t\n\t\t\t\n\t\t<\/div>\n\t\t\n\t\t\n\t\t<div id=\"wd-6387be0686b6f\" class=\"title-wrapper wd-wpb set-mb-s reset-last-child  wd-rs-6387be0686b6f wd-title-color-default wd-title-style-default text-left  wd-underline-colored\">\n\t\t\t\n\t\t\t<div class=\"liner-continer\">\n\t\t\t\t<h4 class=\"woodmart-title-container title  wd-font-weight- wd-fontsize-l\" >SOBRE LA VERACIDAD DE LOS DATOS PERSONALES RECOLECTADOS<\/h4>\n\t\t\t\t\t\t\t<\/div>\n\t\t\t\n\t\t\t\t\t\t\t<div class=\"title-after_title  set-cont-mb-s reset-last-child  wd-fontsize-xs\">Toda informaci\u00f3n proporcionada por el usuario deber\u00e1 ser verdadera, completa y exacta. Cada Usuario es responsable por la veracidad, exactitud, vigencia y autenticidad de la informaci\u00f3n suministrada.<br \/>\nSin perjuicio de lo anterior, cuando se obtenga el consentimiento del Usuario, \u00e9ste autorizar\u00e1 a FIMAV PERU a verificar la veracidad de los Datos Personales facilitados a trav\u00e9s de informaci\u00f3n obtenida de fuentes de acceso p\u00fablico o de entidades especializadas en la provisi\u00f3n de dicha informaci\u00f3n.<br \/>\nFIMAV PERU no se hace responsable de la veracidad de la informaci\u00f3n que no sea de elaboraci\u00f3n propia, por lo que tampoco asume responsabilidad alguna por posibles da\u00f1os o perjuicios que pudieran originarse por el uso de dicha informaci\u00f3n.<br \/>\n\u2022 Direcciones IP.<br \/>\n\u2022 Informaci\u00f3n sobre la ubicaci\u00f3n del Usuario.<br \/>\n\u2022 Navegador que utiliza el Usuario.<br \/>\n\u2022 Informaci\u00f3n sobre aspectos operativos de los Sitios Web y las Aplicaciones, como estad\u00edsticas de navegaci\u00f3n, tr\u00e1fico, entre otros.<br \/>\nEl tratamiento de los Datos Personales y la Informaci\u00f3n de Uso (ambas \u201cInformaci\u00f3n del Usuario\u201d) se efectuar\u00e1 de acuerdo a las finalidades y los lineamientos establecidos en la presente Pol\u00edtica.<\/div>\n\t\t\t\n\t\t\t\n\t\t<\/div>\n\t\t\n\t\t\n\t\t<div id=\"wd-6387be3bab31f\" class=\"title-wrapper wd-wpb set-mb-s reset-last-child  wd-rs-6387be3bab31f wd-title-color-default wd-title-style-default text-left  wd-underline-colored\">\n\t\t\t\n\t\t\t<div class=\"liner-continer\">\n\t\t\t\t<h4 class=\"woodmart-title-container title  wd-font-weight- wd-fontsize-l\" >INCORPORACI\u00d3N DE LA INFORMACI\u00d3N DEL USUARIO EN UN BANCO DE DATOS<\/h4>\n\t\t\t\t\t\t\t<\/div>\n\t\t\t\n\t\t\t\t\t\t\t<div class=\"title-after_title  set-cont-mb-s reset-last-child  wd-fontsize-xs\">De acuerdo a lo establecido en la Ley N\u00b0 29733, Ley de Protecci\u00f3n de Datos Personales, y el Decreto Supremo N\u00b0 003-2013-JUS, por el que se aprueba su Reglamento, FIMAV PERU informa a los Usuarios de los Sitios Web y las Aplicaciones, que su Informaci\u00f3n ser\u00e1 incorporada a los bancos de datos de titularidad de FIMAV PERU una vez otorgue el consentimiento respectivo.<br \/>\nComo parte del proceso de registro para solicitar productos o servicios de FIMAV PERU, el Usuario deber\u00e1 brindar su conformidad otorgando su consentimiento expreso para la inclusi\u00f3n de su informaci\u00f3n en los mencionados bancos de datos<br \/>\nFIMAV PERU no se hace responsable de la veracidad de la informaci\u00f3n que no sea de elaboraci\u00f3n propia, por lo que tampoco asume responsabilidad alguna por posibles da\u00f1os o perjuicios que pudieran originarse por el uso de dicha informaci\u00f3n.<br \/>\n\u2022 Direcciones IP.<br \/>\n\u2022 Informaci\u00f3n sobre la ubicaci\u00f3n del Usuario.<br \/>\n\u2022 Navegador que utiliza el Usuario.<br \/>\n\u2022 Informaci\u00f3n sobre aspectos operativos de los Sitios Web y las Aplicaciones, como estad\u00edsticas de navegaci\u00f3n, tr\u00e1fico, entre otros.<br \/>\nEl tratamiento de los Datos Personales y la Informaci\u00f3n de Uso (ambas \u201cInformaci\u00f3n del Usuario\u201d) se efectuar\u00e1 de acuerdo a las finalidades y los lineamientos establecidos en la presente Pol\u00edtica.<\/div>\n\t\t\t\n\t\t\t\n\t\t<\/div>\n\t\t\n\t\t\n\t\t<div id=\"wd-6387be3bab31f\" class=\"title-wrapper wd-wpb set-mb-s reset-last-child  wd-rs-6387be3bab31f wd-title-color-default wd-title-style-default text-left  wd-underline-colored\">\n\t\t\t\n\t\t\t<div class=\"liner-continer\">\n\t\t\t\t<h4 class=\"woodmart-title-container title  wd-font-weight- wd-fontsize-l\" >INCORPORACI\u00d3N DE LA INFORMACI\u00d3N DEL USUARIO EN UN BANCO DE DATOS<\/h4>\n\t\t\t\t\t\t\t<\/div>\n\t\t\t\n\t\t\t\t\t\t\t<div class=\"title-after_title  set-cont-mb-s reset-last-child  wd-fontsize-xs\">De acuerdo a lo establecido en la Ley N\u00b0 29733, Ley de Protecci\u00f3n de Datos Personales, y el Decreto Supremo N\u00b0 003-2013-JUS, por el que se aprueba su Reglamento, FIMAV PERU informa a los Usuarios de los Sitios Web y las Aplicaciones, que su Informaci\u00f3n ser\u00e1 incorporada a los bancos de datos de titularidad de FIMAV PERU una vez otorgue el consentimiento respectivo.<br \/>\nComo parte del proceso de registro para solicitar productos o servicios de FIMAV PERU, el Usuario deber\u00e1 brindar su conformidad otorgando su consentimiento expreso para la inclusi\u00f3n de su informaci\u00f3n en los mencionados bancos de datos<br \/>\nFIMAV PERU no se hace responsable de la veracidad de la informaci\u00f3n que no sea de elaboraci\u00f3n propia, por lo que tampoco asume responsabilidad alguna por posibles da\u00f1os o perjuicios que pudieran originarse por el uso de dicha informaci\u00f3n.<br \/>\n\u2022 Direcciones IP.<br \/>\n\u2022 Informaci\u00f3n sobre la ubicaci\u00f3n del Usuario.<br \/>\n\u2022 Navegador que utiliza el Usuario.<br \/>\n\u2022 Informaci\u00f3n sobre aspectos operativos de los Sitios Web y las Aplicaciones, como estad\u00edsticas de navegaci\u00f3n, tr\u00e1fico, entre otros.<br \/>\nEl tratamiento de los Datos Personales y la Informaci\u00f3n de Uso (ambas \u201cInformaci\u00f3n del Usuario\u201d) se efectuar\u00e1 de acuerdo a las finalidades y los lineamientos establecidos en la presente Pol\u00edtica.<\/div>\n\t\t\t\n\t\t\t\n\t\t<\/div>\n\t\t\n\t\t\n\t\t<div id=\"wd-6387be815056d\" class=\"title-wrapper wd-wpb set-mb-s reset-last-child  wd-rs-6387be815056d wd-title-color-default wd-title-style-default text-left  wd-underline-colored\">\n\t\t\t\n\t\t\t<div class=\"liner-continer\">\n\t\t\t\t<h4 class=\"woodmart-title-container title  wd-font-weight- wd-fontsize-l\" >\u00bfPOR CU\u00c1NTO TIEMPO ALMACENAMOS LOS DATOS PERSONALES?<\/h4>\n\t\t\t\t\t\t\t<\/div>\n\t\t\t\n\t\t\t\t\t\t\t<div class=\"title-after_title  set-cont-mb-s reset-last-child  wd-fontsize-xs\">Despu\u00e9s de obtener el consentimiento, FIMAV PERU almacenar\u00e1 los datos de los Usuarios hasta que dejen de ser necesarios para la finalidad para la que han sido recabados, incluso despu\u00e9s de haber culminado la relaci\u00f3n contractual, salvo que \u00e9stos comuniquen su decisi\u00f3n de cancelar o suprimir sus datos de nuestro banco. FIMAV PERU respetar\u00e1 siempre las obligaciones impuestas en el art\u00edculo 28 de la Ley de Protecci\u00f3n de Datos Personales.<\/div>\n\t\t\t\n\t\t\t\n\t\t<\/div>\n\t\t\n\t\t[\/vc_column][\/vc_row]<\/p>\n<\/div>","protected":false},"excerpt":{"rendered":"<p>[vc_row][vc_column][vc_column_text woodmart_inline=\u00bbno\u00bb text_larger=\u00bbno\u00bb] La presente pol\u00edtica de privacidad (la \u201cPol\u00edtica\u201d) tiene por finalidad informar la manera en que FIMAV PERU<\/p>\n","protected":false},"author":1,"featured_media":0,"parent":0,"menu_order":0,"comment_status":"closed","ping_status":"open","template":"","meta":{"footnotes":""},"class_list":["post-3","page","type-page","status-publish","hentry"],"_links":{"self":[{"href":"https:\/\/fimavperu.com\/index.php\/wp-json\/wp\/v2\/pages\/3","targetHints":{"allow":["GET"]}}],"collection":[{"href":"https:\/\/fimavperu.com\/index.php\/wp-json\/wp\/v2\/pages"}],"about":[{"href":"https:\/\/fimavperu.com\/index.php\/wp-json\/wp\/v2\/types\/page"}],"author":[{"embeddable":true,"href":"https:\/\/fimavperu.com\/index.php\/wp-json\/wp\/v2\/users\/1"}],"replies":[{"embeddable":true,"href":"https:\/\/fimavperu.com\/index.php\/wp-json\/wp\/v2\/comments?post=3"}],"version-history":[{"count":3,"href":"https:\/\/fimavperu.com\/index.php\/wp-json\/wp\/v2\/pages\/3\/revisions"}],"predecessor-version":[{"id":7144,"href":"https:\/\/fimavperu.com\/index.php\/wp-json\/wp\/v2\/pages\/3\/revisions\/7144"}],"wp:attachment":[{"href":"https:\/\/fimavperu.com\/index.php\/wp-json\/wp\/v2\/media?parent=3"}],"curies":[{"name":"wp","href":"https:\/\/api.w.org\/{rel}","templated":true}]}}